{"id":15,"date":"2018-05-11T19:57:06","date_gmt":"2018-05-11T19:57:06","guid":{"rendered":"http:\/\/aspu.fisica.ru\/index.php\/yop-poll-archive\/"},"modified":"2018-08-16T02:01:54","modified_gmt":"2018-08-16T02:01:54","slug":"yop-poll-archive","status":"publish","type":"page","link":"https:\/\/aspu.fisica.ru\/index.php\/yop-poll-archive\/","title":{"rendered":"Nuestra Asociaci\u00f3n"},"content":{"rendered":"<p><strong>La organizaci\u00f3n gremial denominada <\/strong><strong>\u201cASPU\u201d<\/strong><strong>, <\/strong><strong>\u201cASOCIACION SINDICAL DE PROFESORES UNIVERSITARIOS\u201d<\/strong><strong>, es una Organizaci\u00f3n Sindical de primer grado y de gremio, que est\u00e1 integrada por las y los profesores de Instituciones de Educaci\u00f3n Superior Colombianas, cualquiera que sea la actividad que realicen como la docencia, investigaci\u00f3n, proyecci\u00f3n social o administraci\u00f3n acad\u00e9mica, y funciona de conformidad con la Constituci\u00f3n Nacional, los Convenios de la Organizaci\u00f3n Internacional del Trabajo ratifcados por nuestro pa\u00eds, por el C\u00f3digo Sustantivo de Trabajo, y dem\u00e1s normas nacionales e internacionales vigentes sobre la materia.<\/strong><\/p>\n<p><strong>Los fines principales de ASPU son los siguientes:\u00a0<\/strong><\/p>\n<p>a) Defender los derechos de sus afiliados. Estudiar las caracter\u00edsticas de la profesi\u00f3n de profesor universitario, sus salarios, prestaciones sociales, honorarios, sistemas de protecci\u00f3n y de prevenci\u00f3n de accidentes y dem\u00e1s condiciones econ\u00f3micas y de trabajo, as\u00ed como las condiciones acad\u00e9micas, de investigaci\u00f3n, de extensi\u00f3n y sociales de sus afiliadas y afiliados para procurar su mejoramiento y defensa.<\/p>\n<p>b) Defender la prestaci\u00f3n por parte del Estado del servicio p\u00fablico de educaci\u00f3n superior y fortalecer las instituciones estatales.<\/p>\n<p>c) Procurar el acercamiento del conjunto de los trabajadores y empleadores, sobre la base del di\u00e1logo, el respeto mutuo y dentro del marco de respeto de los derechos humanos.<\/p>\n<p>d) Asesorar jur\u00eddicamente a sus afiliadas y afiliados en la defensa de sus derechos, emanados de su relaci\u00f3n laboral, convenci\u00f3n colectiva, contrato sindical, laudo arbitral, y representarlos ante las autoridades administrativas, ante los empleadores y ante terceros. No implica representaci\u00f3n individual en juicio o ante el empleador.<\/p>\n<p>e) Representar en juicio o ante cualquier autoridad u organismo los intereses econ\u00f3micos comunes o generales de las afiliadas y afiliados o de la profesi\u00f3n y representar esos mismos intereses ante los empleadores y ante terceros y en caso de conflictos colectivos que no hayan podido resolverse por arreglo directo procurando la mediaci\u00f3n.<\/p>\n<p>f) Promover la educaci\u00f3n sindical, profesional, cient\u00edfica y general de sus afiliados, su sensibilidad social y el desarrollo de la Universidad Colombiana aut\u00f3noma, democr\u00e1tica, incluyente, de excelente nivel acad\u00e9mico, universal y gratuita.<\/p>\n<p>g)Presentar pliegos de peticiones, derechos de petici\u00f3n y otras solicitudes consagradas constitucional y legalmente relativos a las condiciones de trabajo o a las diferencias con los empleadores, cualquiera que sea su origen y que no est\u00e9n\u00a0 sometidas por la ley o la convenci\u00f3n a un procedimiento distinto o que no hayan podido ser resueltos por otros medios.<\/p>\n<p>h) Celebrar convenciones colectivas y contratos sindicales, garantizar su cumplimiento por parte de las afiliadas y afiliados y empleadores y ejercer los derechos y acciones que de ellos nazcan.<\/p>\n<p>i) Brindar solidaridad a sus afiliadas y afiliados prest\u00e1ndoles ayuda oportuna y eficaz en caso de enfermedad, desocupaci\u00f3n, invalidez o calamidad.<\/p>\n<p>j) Servir de intermediario para la adquisici\u00f3n y distribuci\u00f3n entre sus afiliados de art\u00edculos de consumo, materias primas y elementos de trabajo a bajo costo.<\/p>\n<p>k) Realizar movimientos colectivos, asambleas permanentes y otras actividades orientadas a la defensa de los derechos de las afiliadas y afiliados o de la universidad p\u00fablica.<\/p>\n<p>l) Celebrar los negocios jur\u00eddicos que se requieran para el cumplimiento de su objeto de conformidad con el numeral 10 del art\u00edculo 373 del C\u00f3digo Sustantivo del Trabajo.<\/p>\n<p>m) Defender efectivamente los derechos de los miembros del Sindicato y velar por su reposici\u00f3n cuando sean lesionados en cualquier forma, por sus opiniones filos\u00f3ficas, pol\u00edticas, religiosas o raciales.<\/p>\n<p><strong>\u00a0Par\u00e1grafo<\/strong>: Desarrollar todas aquellas acciones que le permitan proponer alternativas para la soluci\u00f3n de los problemas econ\u00f3micos, sociales, pol\u00edticos, laborales y culturales de los trabajadores y la sociedad, en especial los de la educaci\u00f3n.<\/p>\n","protected":false},"excerpt":{"rendered":"<p>La organizaci\u00f3n gremial denominada \u201cASPU\u201d, \u201cASOCIACION SINDICAL DE PROFESORES UNIVERSITARIOS\u201d, es una Organizaci\u00f3n Sindical de primer grado y de gremio, que est\u00e1 integrada por las y los profesores de Instituciones de Educaci\u00f3n Superior Colombianas, cualquiera que sea la actividad que&#8230; <a class=\"more-link\" href=\"https:\/\/aspu.fisica.ru\/index.php\/yop-poll-archive\/\">Seguir leyendo &rarr;<\/a><\/p>\n","protected":false},"author":1,"featured_media":0,"parent":0,"menu_order":0,"comment_status":"open","ping_status":"open","template":"","meta":{"footnotes":""},"class_list":["post-15","page","type-page","status-publish","hentry"],"_links":{"self":[{"href":"https:\/\/aspu.fisica.ru\/index.php\/wp-json\/wp\/v2\/pages\/15","targetHints":{"allow":["GET"]}}],"collection":[{"href":"https:\/\/aspu.fisica.ru\/index.php\/wp-json\/wp\/v2\/pages"}],"about":[{"href":"https:\/\/aspu.fisica.ru\/index.php\/wp-json\/wp\/v2\/types\/page"}],"author":[{"embeddable":true,"href":"https:\/\/aspu.fisica.ru\/index.php\/wp-json\/wp\/v2\/users\/1"}],"replies":[{"embeddable":true,"href":"https:\/\/aspu.fisica.ru\/index.php\/wp-json\/wp\/v2\/comments?post=15"}],"version-history":[{"count":1,"href":"https:\/\/aspu.fisica.ru\/index.php\/wp-json\/wp\/v2\/pages\/15\/revisions"}],"predecessor-version":[{"id":142,"href":"https:\/\/aspu.fisica.ru\/index.php\/wp-json\/wp\/v2\/pages\/15\/revisions\/142"}],"wp:attachment":[{"href":"https:\/\/aspu.fisica.ru\/index.php\/wp-json\/wp\/v2\/media?parent=15"}],"curies":[{"name":"wp","href":"https:\/\/api.w.org\/{rel}","templated":true}]}}