{"id":213,"date":"2018-08-17T03:00:26","date_gmt":"2018-08-17T03:00:26","guid":{"rendered":"http:\/\/aspu.fisica.ru\/?page_id=213"},"modified":"2018-08-17T03:03:24","modified_gmt":"2018-08-17T03:03:24","slug":"sentencias","status":"publish","type":"page","link":"https:\/\/aspu.fisica.ru\/index.php\/normatividad\/sentencias\/","title":{"rendered":"Sentencias"},"content":{"rendered":"<h2 class=\"bl2page-title\"><a href=\"https:\/\/aspucol.org\/sentencia-c-00696\/\" rel=\"bookmark\">Sentencia-C-006\/96<\/a><\/h2>\n<p>Acci\u00f3n p\u00fablica de inconstitucionalidad contra el art\u00edculo 74 (parcial) de la Ley 30 de 1992, \u201cPor la cual se organiza el servicio p\u00fablico de la educaci\u00f3n&#8230;<\/p>\n","protected":false},"excerpt":{"rendered":"<p>Sentencia-C-006\/96 Acci\u00f3n p\u00fablica de inconstitucionalidad contra el art\u00edculo 74 (parcial) de la Ley 30 de 1992, \u201cPor la cual se organiza el servicio p\u00fablico de la educaci\u00f3n&#8230;<\/p>\n","protected":false},"author":6,"featured_media":0,"parent":173,"menu_order":0,"comment_status":"closed","ping_status":"closed","template":"","meta":{"footnotes":""},"class_list":["post-213","page","type-page","status-publish","hentry"],"_links":{"self":[{"href":"https:\/\/aspu.fisica.ru\/index.php\/wp-json\/wp\/v2\/pages\/213","targetHints":{"allow":["GET"]}}],"collection":[{"href":"https:\/\/aspu.fisica.ru\/index.php\/wp-json\/wp\/v2\/pages"}],"about":[{"href":"https:\/\/aspu.fisica.ru\/index.php\/wp-json\/wp\/v2\/types\/page"}],"author":[{"embeddable":true,"href":"https:\/\/aspu.fisica.ru\/index.php\/wp-json\/wp\/v2\/users\/6"}],"replies":[{"embeddable":true,"href":"https:\/\/aspu.fisica.ru\/index.php\/wp-json\/wp\/v2\/comments?post=213"}],"version-history":[{"count":2,"href":"https:\/\/aspu.fisica.ru\/index.php\/wp-json\/wp\/v2\/pages\/213\/revisions"}],"predecessor-version":[{"id":219,"href":"https:\/\/aspu.fisica.ru\/index.php\/wp-json\/wp\/v2\/pages\/213\/revisions\/219"}],"up":[{"embeddable":true,"href":"https:\/\/aspu.fisica.ru\/index.php\/wp-json\/wp\/v2\/pages\/173"}],"wp:attachment":[{"href":"https:\/\/aspu.fisica.ru\/index.php\/wp-json\/wp\/v2\/media?parent=213"}],"curies":[{"name":"wp","href":"https:\/\/api.w.org\/{rel}","templated":true}]}}